{"id":883,"date":"2024-04-08T18:25:54","date_gmt":"2024-04-08T16:25:54","guid":{"rendered":"https:\/\/wordpress.feuerwehr-waldstetten.de\/wordpress\/?page_id=883"},"modified":"2024-05-03T00:36:00","modified_gmt":"2024-05-02T22:36:00","slug":"datenschutz","status":"publish","type":"page","link":"https:\/\/wordpress.feuerwehr-waldstetten.de\/wordpress\/datenschutz\/","title":{"rendered":"Datenschutz"},"content":{"rendered":"\t\t<div data-elementor-type=\"wp-page\" data-elementor-id=\"883\" class=\"elementor elementor-883\" data-elementor-post-type=\"page\">\n\t\t\t\t\t\t<section class=\"elementor-section elementor-top-section elementor-element elementor-element-6a81edb elementor-section-boxed elementor-section-height-default elementor-section-height-default\" data-id=\"6a81edb\" data-element_type=\"section\" data-e-type=\"section\">\n\t\t\t\t\t\t<div class=\"elementor-container elementor-column-gap-default\">\n\t\t\t\t\t<div class=\"elementor-column elementor-col-100 elementor-top-column elementor-element elementor-element-85c6449\" data-id=\"85c6449\" data-element_type=\"column\" data-e-type=\"column\">\n\t\t\t<div class=\"elementor-widget-wrap elementor-element-populated\">\n\t\t\t\t\t\t<div class=\"elementor-element elementor-element-90595fd elementor-widget elementor-widget-spacer\" data-id=\"90595fd\" data-element_type=\"widget\" data-e-type=\"widget\" data-widget_type=\"spacer.default\">\n\t\t\t\t<div class=\"elementor-widget-container\">\n\t\t\t\t\t\t\t<div class=\"elementor-spacer\">\n\t\t\t<div class=\"elementor-spacer-inner\"><\/div>\n\t\t<\/div>\n\t\t\t\t\t\t<\/div>\n\t\t\t\t<\/div>\n\t\t\t\t\t<\/div>\n\t\t<\/div>\n\t\t\t\t\t<\/div>\n\t\t<\/section>\n\t\t\t\t<section class=\"elementor-section elementor-top-section elementor-element elementor-element-4c30970 elementor-section-boxed elementor-section-height-default elementor-section-height-default\" data-id=\"4c30970\" data-element_type=\"section\" data-e-type=\"section\">\n\t\t\t\t\t\t<div class=\"elementor-container elementor-column-gap-default\">\n\t\t\t\t\t<div class=\"elementor-column elementor-col-100 elementor-top-column elementor-element elementor-element-7b4eacd\" data-id=\"7b4eacd\" data-element_type=\"column\" data-e-type=\"column\">\n\t\t\t<div class=\"elementor-widget-wrap elementor-element-populated\">\n\t\t\t\t\t\t<div class=\"elementor-element elementor-element-9a21fe8 elementor-widget elementor-widget-heading\" data-id=\"9a21fe8\" data-element_type=\"widget\" data-e-type=\"widget\" data-widget_type=\"heading.default\">\n\t\t\t\t<div class=\"elementor-widget-container\">\n\t\t\t\t\t<h2 class=\"elementor-heading-title elementor-size-default\">Datenschutzhinweise<\/h2>\t\t\t\t<\/div>\n\t\t\t\t<\/div>\n\t\t\t\t\t<\/div>\n\t\t<\/div>\n\t\t\t\t\t<\/div>\n\t\t<\/section>\n\t\t\t\t<section class=\"elementor-section elementor-top-section elementor-element elementor-element-0542782 elementor-section-boxed elementor-section-height-default elementor-section-height-default\" data-id=\"0542782\" data-element_type=\"section\" data-e-type=\"section\">\n\t\t\t\t\t\t<div class=\"elementor-container elementor-column-gap-default\">\n\t\t\t\t\t<div class=\"elementor-column elementor-col-100 elementor-top-column elementor-element elementor-element-42e135d\" data-id=\"42e135d\" data-element_type=\"column\" data-e-type=\"column\">\n\t\t\t<div class=\"elementor-widget-wrap elementor-element-populated\">\n\t\t\t\t\t\t<div class=\"elementor-element elementor-element-815f54b elementor-widget elementor-widget-text-editor\" data-id=\"815f54b\" data-element_type=\"widget\" data-e-type=\"widget\" data-widget_type=\"text-editor.default\">\n\t\t\t\t<div class=\"elementor-widget-container\">\n\t\t\t\t\t\t\t\t\t<p class=\"MsoNormal\" style=\"margin: 0cm 0cm 0.0001pt; font-size: 11pt; font-family: Calibri, sans-serif; caret-color: #000000; color: #000000;\"><span style=\"color: #000000;\">Datenschutzhinweis<span class=\"Apple-converted-space\">\u00a0<\/span>gem\u00e4\u00df Art. 13 der EU-Datenschutz-Grundverordnung (DSGVO)\u00a0f\u00fcr die Homepage der Freiwilligen Feuerwehr Waldstetten<\/span><\/p><p class=\"MsoNormal\" style=\"margin: 0cm 0cm 0.0001pt; font-size: 11pt; font-family: Calibri, sans-serif; caret-color: #000000; color: #000000;\"><span style=\"color: #000000;\">Adresse: In der Au 2, 73550 Waldstetten<\/span><\/p><p class=\"MsoNormal\" style=\"margin: 0cm 0cm 0.0001pt; font-size: 11pt; font-family: Calibri, sans-serif; caret-color: #000000; color: #000000;\">\u00a0<\/p><p class=\"MsoNormal\" style=\"margin: 0cm 0cm 0.0001pt; font-size: 11pt; font-family: Calibri, sans-serif; caret-color: #000000; color: #000000;\"><span style=\"color: #000000;\">Gesamtverantwortlich:<\/span><\/p><p class=\"MsoNormal\" style=\"margin: 0cm 0cm 0.0001pt; font-size: 11pt; font-family: Calibri, sans-serif; caret-color: #000000; color: #000000;\"><span style=\"color: #000000;\">Kommandant: Ingo Brosch (E-Mail:<span class=\"Apple-converted-space\">\u00a0<\/span><\/span><a style=\"color: #954f72;\" title=\"mailto:kommandant@feuerwehr-waldstetten.de\" contenteditable=\"false\" href=\"mailto:kommandant@feuerwehr-waldstetten.de\" target=\"_new\"><span style=\"color: windowtext;\">kommandant@feuerwehr-waldstetten.de<\/span><\/a><span style=\"color: #000000;\">)<\/span><\/p><p class=\"MsoNormal\" style=\"margin: 0cm 0cm 0.0001pt; font-size: 11pt; font-family: Calibri, sans-serif; caret-color: #000000; color: #000000;\"><span style=\"color: #000000;\">Verantwortlich f\u00fcr die Gestaltung: Nikolai H\u00fcbner (E-Mail:<span class=\"Apple-converted-space\">\u00a0<\/span><\/span><a style=\"color: #954f72;\" title=\"mailto:presse@feuerwehr-waldstetten.de\" contenteditable=\"false\" href=\"mailto:presse@feuerwehr-waldstetten.de\" target=\"_new\"><span style=\"color: windowtext;\">presse@feuerwehr-waldstetten.de<\/span><\/a><span style=\"color: #000000;\">)<\/span><\/p><p class=\"MsoNormal\" style=\"margin: 0cm 0cm 0.0001pt; font-size: 11pt; font-family: Calibri, sans-serif; caret-color: #000000; color: #000000;\"><span style=\"color: #000000;\">\u00a0<\/span><\/p><p class=\"MsoNormal\" style=\"margin: 0cm 0cm 0.0001pt; font-size: 11pt; font-family: Calibri, sans-serif; caret-color: #000000; color: #000000;\"><span style=\"color: #000000;\">Bei Fragen zum Datzenschutz wenden Sie sich bitte an den Datenschutzbeauftragten der Gemeinde Waldstetten. Kontaktadresse:<span class=\"Apple-converted-space\"> datenschutz@ostalbkreis.de<\/span><\/span><\/p><p class=\"MsoNormal\" style=\"margin: 0cm 0cm 0.0001pt; font-size: 11pt; font-family: Calibri, sans-serif; caret-color: #000000; color: #000000;\">\u00a0<\/p><p class=\"MsoNormal\" style=\"margin: 0cm 0cm 0.0001pt; font-size: 11pt; font-family: Calibri, sans-serif; caret-color: #000000; color: #000000;\"><span style=\"color: #000000;\">Ihre Privatsph\u00e4re ist uns wichtig. Dieser Datenschutzhinweis erl\u00e4utert, wie wir personenbezogene Daten auf unserer Website erfassen, nutzen, weitergeben und sch\u00fctzen.<\/span><\/p><p class=\"MsoNormal\" style=\"margin: 0cm 0cm 0.0001pt; font-size: 11pt; font-family: Calibri, sans-serif; caret-color: #000000; color: #000000;\">\u00a0<\/p><p class=\"MsoNormal\" style=\"margin: 0cm 0cm 0.0001pt; font-size: 11pt; font-family: Calibri, sans-serif; caret-color: #000000; color: #000000;\"><span style=\"color: #000000;\">Bitte lesen Sie diese Informationen sorgf\u00e4ltig durch.<\/span><\/p><p class=\"MsoNormal\" style=\"margin: 0cm 0cm 0.0001pt; font-size: 11pt; font-family: Calibri, sans-serif; caret-color: #000000; color: #000000;\">\u00a0<\/p><p class=\"MsoNormal\" style=\"margin: 0cm 0cm 0.0001pt; font-size: 11pt; font-family: Calibri, sans-serif; caret-color: #000000; color: #000000;\"><span style=\"color: #000000;\">1. Datenerfassung und -verwendung,<span class=\"Apple-converted-space\">\u00a0<\/span>Rechtsgrundlage<\/span><\/p><p class=\"MsoNormal\" style=\"margin: 0cm 0cm 0.0001pt; font-size: 11pt; font-family: Calibri, sans-serif; caret-color: #000000; color: #000000;\"><span style=\"color: #000000;\">Wir erheben personenbezogene Daten nur dann, wenn Sie uns diese freiwillig zur Verf\u00fcgung stellen, z. B. bei Anfragen \u00fcber unser Kontaktformular. Die erfassten Daten k\u00f6nnen Ihren Namen, Ihre E-Mail-Adresse und andere Informationen umfassen, die Sie uns mitteilen.<\/span><\/p><p class=\"MsoNormal\" style=\"margin: 0cm 0cm 0.0001pt; font-size: 11pt; font-family: Calibri, sans-serif; caret-color: #000000; color: #000000;\"><span style=\"color: #000000;\">Wir verwenden Ihre Daten nur f\u00fcr den angegebenen Zweck, zum Beispiel, um auf Ihre Anfrage zu antworten. Ihre Daten werden nicht ohne Ihre ausdr\u00fcckliche Zustimmung an Dritte weitergegeben, es sei denn, dies ist gesetzlich erforderlich.\u00a0Rechtsgrundlage f\u00fcr Datenerfassung, &#8211; verarbeitung ,-speicherung und -l\u00f6schung ist Art. 6 Abs. 1 lit. e DSGVO in Verbindung mit den Vorschriften des Feuerwehrgesetzes Baden-W\u00fcrttemberg (FwG).<\/span><\/p><p class=\"MsoNormal\" style=\"margin: 0cm 0cm 0.0001pt; font-size: 11pt; font-family: Calibri, sans-serif; caret-color: #000000; color: #000000;\">\u00a0<\/p><p class=\"MsoNormal\" style=\"margin: 0cm 0cm 0.0001pt; font-size: 11pt; font-family: Calibri, sans-serif; caret-color: #000000; color: #000000;\"><span style=\"color: #000000;\">2. Cookies und Webanalyse<\/span><\/p><p class=\"MsoNormal\" style=\"margin: 0cm 0cm 0.0001pt; font-size: 11pt; font-family: Calibri, sans-serif; caret-color: #000000; color: #000000;\"><span style=\"color: #000000;\">Unsere Website<span class=\"Apple-converted-space\">\u00a0<\/span>kann Cookies enthalten bzw. verwenden, um die Nutzung unserer Website zu verbessern. Cookies sind kleine Textdateien, die auf Ihrem Computer gespeichert werden und Informationen \u00fcber Ihr Browsing-Verhalten sammeln. Sie k\u00f6nnen die Verwendung von Cookies in Ihren Browsereinstellungen deaktivieren.<\/span><\/p><p class=\"MsoNormal\" style=\"margin: 0cm 0cm 0.0001pt; font-size: 11pt; font-family: Calibri, sans-serif; caret-color: #000000; color: #000000;\">\u00a0<\/p><p class=\"MsoNormal\" style=\"margin: 0cm 0cm 0.0001pt; font-size: 11pt; font-family: Calibri, sans-serif; caret-color: #000000; color: #000000;\"><span style=\"color: #000000;\">3. Datensicherheit<\/span><\/p><p class=\"MsoNormal\" style=\"margin: 0cm 0cm 0.0001pt; font-size: 11pt; font-family: Calibri, sans-serif; caret-color: #000000; color: #000000;\"><span style=\"color: #000000;\">Wir ergreifen angemessene Ma\u00dfnahmen, um Ihre personenbezogenen Daten zu sch\u00fctzen. Dennoch k\u00f6nnen wir keine absolute Sicherheit garantieren. Bitte seien Sie sich bewusst, dass die \u00dcbertragung von Daten im Internet Risiken birgt.<\/span><\/p><p class=\"MsoNormal\" style=\"margin: 0cm 0cm 0.0001pt; font-size: 11pt; font-family: Calibri, sans-serif; caret-color: #000000; color: #000000;\">\u00a0<\/p><p class=\"MsoNormal\" style=\"margin: 0cm 0cm 0.0001pt; font-size: 11pt; font-family: Calibri, sans-serif; caret-color: #000000; color: #000000;\"><span style=\"color: #000000;\">4. Ihre Rechte<\/span><\/p><p class=\"MsoNormal\" style=\"margin: 0cm 0cm 0.0001pt; font-size: 11pt; font-family: Calibri, sans-serif; caret-color: #000000; color: #000000;\"><span style=\"color: #000000;\"><u><span style=\"font-family: 'Futura Bk BT', sans-serif;\">\u00a0<\/span><\/u><\/span><\/p><p class=\"MsoNormal\" style=\"margin: 0cm 0cm 0.0001pt; font-size: 11pt; font-family: Calibri, sans-serif; caret-color: #000000; color: #000000;\"><span style=\"color: #000000;\">Bez\u00fcglich Ihrer bei uns verarbeiteten und ggf.gespeicherten personenbezogenen Daten haben Sie ein Recht auf Auskunft (Art. 15 DSGVO), Berichtigung (Art. 16 DSGVO), L\u00f6schung (Art. 17 DSGVO), Einschr\u00e4nkung der Verarbeitung (Art. 18 DSGVO), Widerspruch (Art. 21 DSGVO) sowie Daten\u00fcbertragbarkeit (Art. 20 DSGVO), sofern die entsprechenden Voraussetzungen nach der Datenschutz-Grundverordnung (DSGVO) hierf\u00fcr gegeben sind.<\/span><\/p><p class=\"MsoNormal\" style=\"margin: 0cm 0cm 0.0001pt; font-size: 11pt; font-family: Calibri, sans-serif; caret-color: #000000; color: #000000;\"><span style=\"color: #000000;\">Wenn Sie Ihre Einwilligung zur Datenverarbeitung erteilt haben, k\u00f6nnen Sie diese Einwilligung jederzeit widerrufen.\u00a0Durch den Widerruf wird die Rechtm\u00e4\u00dfigkeit der auf Grund der Einwilligung bis zum Widerruf erfolgten Verarbeitung nicht ber\u00fchrt.<\/span><\/p><p class=\"MsoNormal\" style=\"margin: 0cm 0cm 0.0001pt; font-size: 11pt; font-family: Calibri, sans-serif; caret-color: #000000; color: #000000;\">\u00a0<\/p><p class=\"MsoNormal\" style=\"margin: 0cm 0cm 0.0001pt; font-size: 11pt; font-family: Calibri, sans-serif; caret-color: #000000; color: #000000;\">\u00a0<\/p><p class=\"MsoNormal\" style=\"margin: 0cm 0cm 0.0001pt; font-size: 11pt; font-family: Calibri, sans-serif; caret-color: #000000; color: #000000;\"><span style=\"color: #000000;\">5. \u00c4nderungen des Datenschutzhinweises<\/span><\/p><p class=\"MsoNormal\" style=\"margin: 0cm 0cm 0.0001pt; font-size: 11pt; font-family: Calibri, sans-serif; caret-color: #000000; color: #000000;\"><span style=\"color: #000000;\">Wir behalten uns das Recht vor, diesen Datenschutzhinweis zu aktualisieren, um \u00c4nderungen in unserer Datenschutzpraxis widerzuspiegeln. Bitte \u00fcberpr\u00fcfen Sie regelm\u00e4\u00dfig diesen Hinweis auf Aktualisierungen.<\/span><\/p><p class=\"MsoNormal\" style=\"margin: 0cm 0cm 0.0001pt; font-size: 11pt; font-family: Calibri, sans-serif; caret-color: #000000; color: #000000;\"><span style=\"color: #000000;\">Dieser Datenschutzhinweis wurde zuletzt aktualisiert am 02.05.2024.<\/span><\/p><p class=\"MsoNormal\" style=\"margin: 0cm 0cm 0.0001pt; font-size: 11pt; font-family: Calibri, sans-serif; caret-color: #000000; color: #000000;\">\u00a0<\/p><p class=\"MsoNormal\" style=\"margin: 0cm 0cm 0.0001pt; font-size: 11pt; font-family: Calibri, sans-serif; caret-color: #000000; color: #000000;\"><span style=\"color: #000000;\"><u>7. Beschwerderecht bei der Aufsichtsbeh\u00f6rde:<\/u><u><\/u><\/span><\/p><p class=\"MsoNormal\" style=\"margin: 0cm 0cm 0.0001pt; font-size: 11pt; font-family: Calibri, sans-serif; caret-color: #000000; color: #000000;\"><span style=\"color: #000000;\">\u00a0<\/span><\/p><p class=\"MsoNormal\" style=\"margin: 0cm 0cm 0.0001pt; font-size: 11pt; font-family: Calibri, sans-serif; caret-color: #000000; color: #000000;\"><span style=\"color: #000000;\">Soweit Sie sich durch die Verarbeitung personenbezogener Daten in Ihren Rechten verletzt f\u00fchlen, steht Ihnen ein Recht zur Beschwerde beim<\/span><\/p><p class=\"MsoNormal\" style=\"margin: 0cm 0cm 0.0001pt; font-size: 11pt; font-family: Calibri, sans-serif; caret-color: #000000; color: #000000;\"><span style=\"color: #000000;\">\u00a0<\/span><\/p><p class=\"MsoNormal\" style=\"margin: 0cm 0cm 0.0001pt; font-size: 11pt; font-family: Calibri, sans-serif; caret-color: #000000; color: #000000;\"><span style=\"color: #000000;\">Landesbeauftragten f\u00fcr den Datenschutz<span class=\"Apple-converted-space\">\u00a0<\/span>und die Informationsfreiheit<\/span><\/p><p class=\"MsoNormal\" style=\"margin: 0cm 0cm 0.0001pt; font-size: 11pt; font-family: Calibri, sans-serif; caret-color: #000000; color: #000000;\"><span style=\"color: #000000;\">Lautenschlagerstra\u00dfe 20<\/span><\/p><p class=\"MsoNormal\" style=\"margin: 0cm 0cm 0.0001pt; font-size: 11pt; font-family: Calibri, sans-serif; caret-color: #000000; color: #000000;\"><span style=\"color: #000000;\">70173 Stuttgart<span class=\"Apple-converted-space\">\u00a0<\/span><\/span><\/p><p class=\"MsoNormal\" style=\"margin: 0cm 0cm 0.0001pt; font-size: 11pt; font-family: Calibri, sans-serif; caret-color: #000000; color: #000000;\"><span style=\"color: #000000;\">Postfach 102932<span class=\"Apple-converted-space\">\u00a0<\/span><\/span><\/p><p class=\"MsoNormal\" style=\"margin: 0cm 0cm 0.0001pt; font-size: 11pt; font-family: Calibri, sans-serif; caret-color: #000000; color: #000000;\"><span style=\"color: #000000;\">70025 Stuttgart<span class=\"Apple-converted-space\">\u00a0<\/span><\/span><\/p><p class=\"MsoNormal\" style=\"margin: 0cm 0cm 0.0001pt; font-size: 11pt; font-family: Calibri, sans-serif; caret-color: #000000; color: #000000;\"><span style=\"color: #000000;\">Tel.: 0711 \/ 615541-0<span class=\"Apple-converted-space\">\u00a0<\/span><\/span><\/p><p class=\"MsoNormal\" style=\"margin: 0cm 0cm 0.0001pt; font-size: 11pt; font-family: Calibri, sans-serif; caret-color: #000000; color: #000000;\"><span style=\"color: #000000;\">Fax: 0711 \/ 615541-15<\/span><\/p><p class=\"MsoNormal\" style=\"margin: 0cm 0cm 0.0001pt; font-size: 11pt; font-family: Calibri, sans-serif; caret-color: #000000; color: #000000;\"><span style=\"color: #000000;\"><a style=\"color: #000000;\" title=\"mailto:poststelle@lfdi.bwl.de\" contenteditable=\"false\" href=\"mailto:poststelle@lfdi.bwl.de\">poststelle@lfdi.bwl.de<\/a><\/span><\/p><p class=\"MsoNormal\" style=\"margin: 0cm 0cm 0.0001pt; font-size: 11pt; font-family: Calibri, sans-serif; caret-color: #000000; color: #000000;\"><span style=\"color: #000000;\">zu.<\/span><\/p>\t\t\t\t\t\t\t\t<\/div>\n\t\t\t\t<\/div>\n\t\t\t\t\t<\/div>\n\t\t<\/div>\n\t\t\t\t\t<\/div>\n\t\t<\/section>\n\t\t\t\t<\/div>\n\t\t","protected":false},"excerpt":{"rendered":"<p>Datenschutzhinweise Datenschutzhinweis\u00a0gem\u00e4\u00df Art. 13 der EU-Datenschutz-Grundverordnung (DSGVO)\u00a0f\u00fcr die Homepage der Freiwilligen Feuerwehr Waldstetten Adresse: In der Au 2, 73550 Waldstetten \u00a0 Gesamtverantwortlich: Kommandant: Ingo Brosch (E-Mail:\u00a0kommandant@feuerwehr-waldstetten.de) Verantwortlich f\u00fcr die Gestaltung: Nikolai H\u00fcbner (E-Mail:\u00a0presse@feuerwehr-waldstetten.de) \u00a0 Bei Fragen zum Datzenschutz wenden Sie sich bitte an den Datenschutzbeauftragten der Gemeinde Waldstetten. Kontaktadresse: datenschutz@ostalbkreis.de \u00a0 Ihre Privatsph\u00e4re ist uns&hellip;&nbsp;<a href=\"https:\/\/wordpress.feuerwehr-waldstetten.de\/wordpress\/datenschutz\/\" rel=\"bookmark\">Mehr lesen &raquo;<span class=\"screen-reader-text\">Datenschutz<\/span><\/a><\/p>\n","protected":false},"author":1,"featured_media":0,"parent":0,"menu_order":0,"comment_status":"closed","ping_status":"closed","template":"page-templates\/template-pagebuilder-full-width.php","meta":{"neve_meta_sidebar":"","neve_meta_container":"","neve_meta_enable_content_width":"","neve_meta_content_width":0,"neve_meta_title_alignment":"","neve_meta_author_avatar":"","neve_post_elements_order":"","neve_meta_disable_header":"","neve_meta_disable_footer":"","neve_meta_disable_title":"","neve_meta_reading_time":"","footnotes":""},"class_list":["post-883","page","type-page","status-publish","hentry"],"_links":{"self":[{"href":"https:\/\/wordpress.feuerwehr-waldstetten.de\/wordpress\/wp-json\/wp\/v2\/pages\/883","targetHints":{"allow":["GET"]}}],"collection":[{"href":"https:\/\/wordpress.feuerwehr-waldstetten.de\/wordpress\/wp-json\/wp\/v2\/pages"}],"about":[{"href":"https:\/\/wordpress.feuerwehr-waldstetten.de\/wordpress\/wp-json\/wp\/v2\/types\/page"}],"author":[{"embeddable":true,"href":"https:\/\/wordpress.feuerwehr-waldstetten.de\/wordpress\/wp-json\/wp\/v2\/users\/1"}],"replies":[{"embeddable":true,"href":"https:\/\/wordpress.feuerwehr-waldstetten.de\/wordpress\/wp-json\/wp\/v2\/comments?post=883"}],"version-history":[{"count":7,"href":"https:\/\/wordpress.feuerwehr-waldstetten.de\/wordpress\/wp-json\/wp\/v2\/pages\/883\/revisions"}],"predecessor-version":[{"id":1069,"href":"https:\/\/wordpress.feuerwehr-waldstetten.de\/wordpress\/wp-json\/wp\/v2\/pages\/883\/revisions\/1069"}],"wp:attachment":[{"href":"https:\/\/wordpress.feuerwehr-waldstetten.de\/wordpress\/wp-json\/wp\/v2\/media?parent=883"}],"curies":[{"name":"wp","href":"https:\/\/api.w.org\/{rel}","templated":true}]}}