{"id":9,"date":"2021-10-24T21:27:26","date_gmt":"2021-10-24T19:27:26","guid":{"rendered":"https:\/\/wordpress.feuerwehr-waldstetten.de\/wordpress\/?page_id=9"},"modified":"2024-06-28T13:11:14","modified_gmt":"2024-06-28T11:11:14","slug":"ueber-uns","status":"publish","type":"page","link":"https:\/\/wordpress.feuerwehr-waldstetten.de\/wordpress\/ueber-uns\/","title":{"rendered":"\u00dcber uns"},"content":{"rendered":"\t\t<div data-elementor-type=\"wp-page\" data-elementor-id=\"9\" class=\"elementor elementor-9\" data-elementor-post-type=\"page\">\n\t\t\t\t\t\t<section class=\"elementor-section elementor-top-section elementor-element elementor-element-aaa33c2 elementor-section-boxed elementor-section-height-default elementor-section-height-default\" data-id=\"aaa33c2\" data-element_type=\"section\" data-e-type=\"section\">\n\t\t\t\t\t\t<div class=\"elementor-container elementor-column-gap-default\">\n\t\t\t\t\t<div class=\"elementor-column elementor-col-100 elementor-top-column elementor-element elementor-element-64237bc\" data-id=\"64237bc\" data-element_type=\"column\" data-e-type=\"column\">\n\t\t\t<div class=\"elementor-widget-wrap elementor-element-populated\">\n\t\t\t\t\t\t<div class=\"elementor-element elementor-element-76c4beb elementor-widget elementor-widget-spacer\" data-id=\"76c4beb\" data-element_type=\"widget\" data-e-type=\"widget\" data-widget_type=\"spacer.default\">\n\t\t\t\t<div class=\"elementor-widget-container\">\n\t\t\t\t\t\t\t<div class=\"elementor-spacer\">\n\t\t\t<div class=\"elementor-spacer-inner\"><\/div>\n\t\t<\/div>\n\t\t\t\t\t\t<\/div>\n\t\t\t\t<\/div>\n\t\t\t\t\t<\/div>\n\t\t<\/div>\n\t\t\t\t\t<\/div>\n\t\t<\/section>\n\t\t\t\t<section class=\"elementor-section elementor-top-section elementor-element elementor-element-21b3544 elementor-section-boxed elementor-section-height-default elementor-section-height-default\" data-id=\"21b3544\" data-element_type=\"section\" data-e-type=\"section\">\n\t\t\t\t\t\t<div class=\"elementor-container elementor-column-gap-default\">\n\t\t\t\t\t<div class=\"elementor-column elementor-col-100 elementor-top-column elementor-element elementor-element-9285bec\" data-id=\"9285bec\" data-element_type=\"column\" data-e-type=\"column\">\n\t\t\t<div class=\"elementor-widget-wrap elementor-element-populated\">\n\t\t\t\t\t\t<div class=\"elementor-element elementor-element-b633261 elementor-widget elementor-widget-heading\" data-id=\"b633261\" data-element_type=\"widget\" data-e-type=\"widget\" data-widget_type=\"heading.default\">\n\t\t\t\t<div class=\"elementor-widget-container\">\n\t\t\t\t\t<h2 class=\"elementor-heading-title elementor-size-xl\">24 Stunden am Tag \/ 7 Tage in der Woche \/ 365 Tage im Jahr<\/h2>\t\t\t\t<\/div>\n\t\t\t\t<\/div>\n\t\t\t\t\t<\/div>\n\t\t<\/div>\n\t\t\t\t\t<\/div>\n\t\t<\/section>\n\t\t\t\t<section class=\"elementor-section elementor-top-section elementor-element elementor-element-4209ce4 elementor-section-boxed elementor-section-height-default elementor-section-height-default\" data-id=\"4209ce4\" data-element_type=\"section\" data-e-type=\"section\">\n\t\t\t\t\t\t<div class=\"elementor-container elementor-column-gap-default\">\n\t\t\t\t\t<div class=\"elementor-column elementor-col-50 elementor-top-column elementor-element elementor-element-851bda8\" data-id=\"851bda8\" data-element_type=\"column\" data-e-type=\"column\">\n\t\t\t<div class=\"elementor-widget-wrap elementor-element-populated\">\n\t\t\t\t\t\t<div class=\"elementor-element elementor-element-5e07f00 elementor--h-position-center elementor--v-position-middle elementor-arrows-position-inside elementor-pagination-position-inside elementor-widget elementor-widget-slides\" data-id=\"5e07f00\" data-element_type=\"widget\" data-e-type=\"widget\" data-settings=\"{&quot;navigation&quot;:&quot;both&quot;,&quot;autoplay&quot;:&quot;yes&quot;,&quot;pause_on_hover&quot;:&quot;yes&quot;,&quot;pause_on_interaction&quot;:&quot;yes&quot;,&quot;autoplay_speed&quot;:5000,&quot;infinite&quot;:&quot;yes&quot;,&quot;transition&quot;:&quot;slide&quot;,&quot;transition_speed&quot;:500}\" data-widget_type=\"slides.default\">\n\t\t\t\t<div class=\"elementor-widget-container\">\n\t\t\t\t\t\t\t\t\t<div class=\"elementor-swiper\">\n\t\t\t\t\t<div class=\"elementor-slides-wrapper elementor-main-swiper swiper\" role=\"region\" aria-roledescription=\"carousel\" aria-label=\"Slider\" dir=\"ltr\" data-animation=\"fadeInUp\">\n\t\t\t\t<div class=\"swiper-wrapper elementor-slides\">\n\t\t\t\t\t\t\t\t\t\t<div class=\"elementor-repeater-item-f4529ec swiper-slide\" role=\"group\" aria-roledescription=\"slide\"><div class=\"swiper-slide-bg\"><\/div><a class=\"swiper-slide-inner\" href=\"https:\/\/wordpress.feuerwehr-waldstetten.de\/wordpress\/einsatzabteilungen\/\"><div class=\"swiper-slide-contents\"><div class=\"elementor-slide-heading\">2<\/div><div class=\"elementor-slide-description\">Einsatzabteilungen<\/div><\/div><\/a><\/div><div class=\"elementor-repeater-item-29421df swiper-slide\" role=\"group\" aria-roledescription=\"slide\"><div class=\"swiper-slide-bg\"><\/div><a class=\"swiper-slide-inner\" href=\"https:\/\/wordpress.feuerwehr-waldstetten.de\/wordpress\/spielmannszug\/\"><div class=\"swiper-slide-contents\"><div class=\"elementor-slide-heading\">1<\/div><div class=\"elementor-slide-description\">Spielmanns- und Fanfarenzug<\/div><div  class=\"elementor-button elementor-slide-button elementor-size-sm\">Erfahre mehr<\/div><\/div><\/a><\/div><div class=\"elementor-repeater-item-87f2622 swiper-slide\" role=\"group\" aria-roledescription=\"slide\"><div class=\"swiper-slide-bg\"><\/div><a class=\"swiper-slide-inner\" href=\"https:\/\/wordpress.feuerwehr-waldstetten.de\/wordpress\/jugend\/\"><div class=\"swiper-slide-contents\"><div class=\"elementor-slide-heading\">2<\/div><div class=\"elementor-slide-description\">Jugendgruppen<\/div><\/div><\/a><\/div><div class=\"elementor-repeater-item-87b9ebd swiper-slide\" role=\"group\" aria-roledescription=\"slide\"><div class=\"swiper-slide-bg\"><\/div><a class=\"swiper-slide-inner\" href=\"https:\/\/wordpress.feuerwehr-waldstetten.de\/wordpress\/altersabteilung\/\"><div class=\"swiper-slide-contents\"><div class=\"elementor-slide-heading\">2<\/div><div class=\"elementor-slide-description\">Altersabteilungen<\/div><\/div><\/a><\/div>\t\t\t\t<\/div>\n\t\t\t\t\t\t\t\t\t\t\t\t\t\t\t<div class=\"elementor-swiper-button elementor-swiper-button-prev\" role=\"button\" tabindex=\"0\" aria-label=\"Vorheriger Slide\">\n\t\t\t\t\t\t\t<i aria-hidden=\"true\" class=\"eicon-chevron-left\"><\/i>\t\t\t\t\t\t<\/div>\n\t\t\t\t\t\t<div class=\"elementor-swiper-button elementor-swiper-button-next\" role=\"button\" tabindex=\"0\" aria-label=\"N\u00e4chster Slide\">\n\t\t\t\t\t\t\t<i aria-hidden=\"true\" class=\"eicon-chevron-right\"><\/i>\t\t\t\t\t\t<\/div>\n\t\t\t\t\t\t\t\t\t\t\t\t\t\t\t\t<div class=\"swiper-pagination\"><\/div>\n\t\t\t\t\t\t\t\t\t\t\t\t<\/div>\n\t\t\t\t<\/div>\n\t\t\t\t\t\t\t\t<\/div>\n\t\t\t\t<\/div>\n\t\t\t\t\t<\/div>\n\t\t<\/div>\n\t\t\t\t<div class=\"elementor-column elementor-col-50 elementor-top-column elementor-element elementor-element-b945c4d\" data-id=\"b945c4d\" data-element_type=\"column\" data-e-type=\"column\">\n\t\t\t<div class=\"elementor-widget-wrap elementor-element-populated\">\n\t\t\t\t\t\t<div class=\"elementor-element elementor-element-349aee3 elementor-absolute elementor-widget elementor-widget-image\" data-id=\"349aee3\" data-element_type=\"widget\" data-e-type=\"widget\" data-settings=\"{&quot;_position&quot;:&quot;absolute&quot;}\" data-widget_type=\"image.default\">\n\t\t\t\t<div class=\"elementor-widget-container\">\n\t\t\t\t\t\t\t\t\t\t\t\t\t\t\t<img fetchpriority=\"high\" decoding=\"async\" width=\"501\" height=\"690\" src=\"https:\/\/wordpress.feuerwehr-waldstetten.de\/wordpress\/wp-content\/uploads\/2023\/01\/Breitband_-_geplante_Ausbaugebiete_in_der_Gemeinde-e1673873242152.jpg\" class=\"attachment-large size-large wp-image-588\" alt=\"\" srcset=\"https:\/\/wordpress.feuerwehr-waldstetten.de\/wordpress\/wp-content\/uploads\/2023\/01\/Breitband_-_geplante_Ausbaugebiete_in_der_Gemeinde-e1673873242152.jpg 501w, https:\/\/wordpress.feuerwehr-waldstetten.de\/wordpress\/wp-content\/uploads\/2023\/01\/Breitband_-_geplante_Ausbaugebiete_in_der_Gemeinde-e1673873242152-218x300.jpg 218w\" sizes=\"(max-width: 501px) 100vw, 501px\" \/>\t\t\t\t\t\t\t\t\t\t\t\t\t\t\t<\/div>\n\t\t\t\t<\/div>\n\t\t\t\t\t<\/div>\n\t\t<\/div>\n\t\t\t\t\t<\/div>\n\t\t<\/section>\n\t\t\t\t<section class=\"elementor-section elementor-top-section elementor-element elementor-element-8628a36 elementor-section-boxed elementor-section-height-default elementor-section-height-default\" data-id=\"8628a36\" data-element_type=\"section\" data-e-type=\"section\">\n\t\t\t\t\t\t<div class=\"elementor-container elementor-column-gap-default\">\n\t\t\t\t\t<div class=\"elementor-column elementor-col-50 elementor-top-column elementor-element elementor-element-f1a3d1e\" data-id=\"f1a3d1e\" data-element_type=\"column\" data-e-type=\"column\">\n\t\t\t<div class=\"elementor-widget-wrap elementor-element-populated\">\n\t\t\t\t\t\t<div class=\"elementor-element elementor-element-ddb7e5e elementor-absolute elementor-widget elementor-widget-image\" data-id=\"ddb7e5e\" data-element_type=\"widget\" data-e-type=\"widget\" data-settings=\"{&quot;_position&quot;:&quot;absolute&quot;}\" data-widget_type=\"image.default\">\n\t\t\t\t<div class=\"elementor-widget-container\">\n\t\t\t\t\t\t\t\t\t\t\t\t\t\t\t<img decoding=\"async\" width=\"1024\" height=\"683\" src=\"https:\/\/wordpress.feuerwehr-waldstetten.de\/wordpress\/wp-content\/uploads\/2023\/01\/DSC4566-1024x683.jpg\" class=\"attachment-large size-large wp-image-589\" alt=\"\" srcset=\"https:\/\/wordpress.feuerwehr-waldstetten.de\/wordpress\/wp-content\/uploads\/2023\/01\/DSC4566-1024x683.jpg 1024w, https:\/\/wordpress.feuerwehr-waldstetten.de\/wordpress\/wp-content\/uploads\/2023\/01\/DSC4566-300x200.jpg 300w, https:\/\/wordpress.feuerwehr-waldstetten.de\/wordpress\/wp-content\/uploads\/2023\/01\/DSC4566-768x512.jpg 768w, https:\/\/wordpress.feuerwehr-waldstetten.de\/wordpress\/wp-content\/uploads\/2023\/01\/DSC4566-1536x1024.jpg 1536w, https:\/\/wordpress.feuerwehr-waldstetten.de\/wordpress\/wp-content\/uploads\/2023\/01\/DSC4566-2048x1365.jpg 2048w, https:\/\/wordpress.feuerwehr-waldstetten.de\/wordpress\/wp-content\/uploads\/2023\/01\/DSC4566-930x620.jpg 930w\" sizes=\"(max-width: 1024px) 100vw, 1024px\" \/>\t\t\t\t\t\t\t\t\t\t\t\t\t\t\t<\/div>\n\t\t\t\t<\/div>\n\t\t\t\t\t<\/div>\n\t\t<\/div>\n\t\t\t\t<div class=\"elementor-column elementor-col-50 elementor-top-column elementor-element elementor-element-97a235b\" data-id=\"97a235b\" data-element_type=\"column\" data-e-type=\"column\">\n\t\t\t<div class=\"elementor-widget-wrap elementor-element-populated\">\n\t\t\t\t\t\t<div class=\"elementor-element elementor-element-b9051d9 elementor--h-position-center elementor--v-position-middle elementor-arrows-position-inside elementor-pagination-position-inside elementor-widget elementor-widget-slides\" data-id=\"b9051d9\" data-element_type=\"widget\" data-e-type=\"widget\" data-settings=\"{&quot;navigation&quot;:&quot;both&quot;,&quot;autoplay&quot;:&quot;yes&quot;,&quot;pause_on_hover&quot;:&quot;yes&quot;,&quot;pause_on_interaction&quot;:&quot;yes&quot;,&quot;autoplay_speed&quot;:5000,&quot;infinite&quot;:&quot;yes&quot;,&quot;transition&quot;:&quot;slide&quot;,&quot;transition_speed&quot;:500}\" data-widget_type=\"slides.default\">\n\t\t\t\t<div class=\"elementor-widget-container\">\n\t\t\t\t\t\t\t\t\t<div class=\"elementor-swiper\">\n\t\t\t\t\t<div class=\"elementor-slides-wrapper elementor-main-swiper swiper\" role=\"region\" aria-roledescription=\"carousel\" aria-label=\"Slider\" dir=\"ltr\" data-animation=\"fadeInUp\">\n\t\t\t\t<div class=\"swiper-wrapper elementor-slides\">\n\t\t\t\t\t\t\t\t\t\t<div class=\"elementor-repeater-item-8a58200 swiper-slide\" role=\"group\" aria-roledescription=\"slide\"><div class=\"swiper-slide-bg\"><\/div><div class=\"swiper-slide-inner\" ><div class=\"swiper-slide-contents\"><div class=\"elementor-slide-heading\">1<\/div><div class=\"elementor-slide-description\">MZF\n(Mehrzweckfahrzeug)<\/div><a href=\"https:\/\/wordpress.feuerwehr-waldstetten.de\/wordpress\/mzf\/\" class=\"elementor-button elementor-slide-button elementor-size-sm\">Erfahre mehr<\/a><\/div><\/div><\/div><div class=\"elementor-repeater-item-7b31195 swiper-slide\" role=\"group\" aria-roledescription=\"slide\"><div class=\"swiper-slide-bg\"><\/div><a class=\"swiper-slide-inner\" href=\"https:\/\/wordpress.feuerwehr-waldstetten.de\/wordpress\/fahrzeuge\/\"><div class=\"swiper-slide-contents\"><div class=\"elementor-slide-heading\">2<\/div><div class=\"elementor-slide-description\">MTW (Mannschaftstransportwagen)<\/div><div  class=\"elementor-button elementor-slide-button elementor-size-sm\">Erfahre mehr<\/div><\/div><\/a><\/div><div class=\"elementor-repeater-item-b51ffa8 swiper-slide\" role=\"group\" aria-roledescription=\"slide\"><div class=\"swiper-slide-bg\"><\/div><a class=\"swiper-slide-inner\" href=\"https:\/\/wordpress.feuerwehr-waldstetten.de\/wordpress\/fahrzeuge\/\"><div class=\"swiper-slide-contents\"><div class=\"elementor-slide-heading\">4<\/div><div class=\"elementor-slide-description\">LF (L\u00f6schgruppenfahrzeug)<\/div><div  class=\"elementor-button elementor-slide-button elementor-size-sm\">Erfahre mehr<\/div><\/div><\/a><\/div><div class=\"elementor-repeater-item-f6de8d7 swiper-slide\" role=\"group\" aria-roledescription=\"slide\"><div class=\"swiper-slide-bg\"><\/div><div class=\"swiper-slide-inner\" ><div class=\"swiper-slide-contents\"><div class=\"elementor-slide-heading\">1<\/div><div class=\"elementor-slide-description\">GW-T (Ger\u00e4tewagen Transport)<\/div><a href=\"https:\/\/wordpress.feuerwehr-waldstetten.de\/wordpress\/gw-t\/\" class=\"elementor-button elementor-slide-button elementor-size-sm\">Erfahre mehr<\/a><\/div><\/div><\/div><div class=\"elementor-repeater-item-b1defe9 swiper-slide\" role=\"group\" aria-roledescription=\"slide\"><div class=\"swiper-slide-bg\"><\/div><a class=\"swiper-slide-inner\" href=\"https:\/\/wordpress.feuerwehr-waldstetten.de\/wordpress\/fahrzeuge\/\"><div class=\"swiper-slide-contents\"><div class=\"elementor-slide-heading\">1<\/div><div class=\"elementor-slide-description\">Mehrzweckanh\u00e4nger<\/div><\/div><\/a><\/div><div class=\"elementor-repeater-item-142a82e swiper-slide\" role=\"group\" aria-roledescription=\"slide\"><div class=\"swiper-slide-bg\"><\/div><div class=\"swiper-slide-inner\" ><div class=\"swiper-slide-contents\"><div class=\"elementor-slide-heading\">12<\/div><div class=\"elementor-slide-description\">Themenw\u00e4gen<\/div><\/div><\/div><\/div>\t\t\t\t<\/div>\n\t\t\t\t\t\t\t\t\t\t\t\t\t\t\t<div class=\"elementor-swiper-button elementor-swiper-button-prev\" role=\"button\" tabindex=\"0\" aria-label=\"Vorheriger Slide\">\n\t\t\t\t\t\t\t<i aria-hidden=\"true\" class=\"eicon-chevron-left\"><\/i>\t\t\t\t\t\t<\/div>\n\t\t\t\t\t\t<div class=\"elementor-swiper-button elementor-swiper-button-next\" role=\"button\" tabindex=\"0\" aria-label=\"N\u00e4chster Slide\">\n\t\t\t\t\t\t\t<i aria-hidden=\"true\" class=\"eicon-chevron-right\"><\/i>\t\t\t\t\t\t<\/div>\n\t\t\t\t\t\t\t\t\t\t\t\t\t\t\t\t<div class=\"swiper-pagination\"><\/div>\n\t\t\t\t\t\t\t\t\t\t\t\t<\/div>\n\t\t\t\t<\/div>\n\t\t\t\t\t\t\t\t<\/div>\n\t\t\t\t<\/div>\n\t\t\t\t\t<\/div>\n\t\t<\/div>\n\t\t\t\t\t<\/div>\n\t\t<\/section>\n\t\t\t\t<section class=\"elementor-section elementor-top-section elementor-element elementor-element-c4cd931 elementor-section-boxed elementor-section-height-default elementor-section-height-default\" data-id=\"c4cd931\" data-element_type=\"section\" data-e-type=\"section\">\n\t\t\t\t\t\t<div class=\"elementor-container elementor-column-gap-default\">\n\t\t\t\t\t<div class=\"elementor-column elementor-col-50 elementor-top-column elementor-element elementor-element-a55403e\" data-id=\"a55403e\" data-element_type=\"column\" data-e-type=\"column\">\n\t\t\t<div class=\"elementor-widget-wrap elementor-element-populated\">\n\t\t\t\t\t\t<div class=\"elementor-element elementor-element-8b6ccfd elementor--h-position-center elementor--v-position-middle elementor-arrows-position-inside elementor-pagination-position-inside elementor-widget elementor-widget-slides\" data-id=\"8b6ccfd\" data-element_type=\"widget\" data-e-type=\"widget\" data-settings=\"{&quot;navigation&quot;:&quot;both&quot;,&quot;autoplay&quot;:&quot;yes&quot;,&quot;pause_on_hover&quot;:&quot;yes&quot;,&quot;pause_on_interaction&quot;:&quot;yes&quot;,&quot;autoplay_speed&quot;:5000,&quot;infinite&quot;:&quot;yes&quot;,&quot;transition&quot;:&quot;slide&quot;,&quot;transition_speed&quot;:500}\" data-widget_type=\"slides.default\">\n\t\t\t\t<div class=\"elementor-widget-container\">\n\t\t\t\t\t\t\t\t\t<div class=\"elementor-swiper\">\n\t\t\t\t\t<div class=\"elementor-slides-wrapper elementor-main-swiper swiper\" role=\"region\" aria-roledescription=\"carousel\" aria-label=\"Slider\" dir=\"ltr\" data-animation=\"fadeInUp\">\n\t\t\t\t<div class=\"swiper-wrapper elementor-slides\">\n\t\t\t\t\t\t\t\t\t\t<div class=\"elementor-repeater-item-8a58200 swiper-slide\" role=\"group\" aria-roledescription=\"slide\"><div class=\"swiper-slide-bg\"><\/div><div class=\"swiper-slide-inner\" ><div class=\"swiper-slide-contents\"><div class=\"elementor-slide-heading\">2<\/div><div class=\"elementor-slide-description\">Verbandsf\u00fchrer<\/div><\/div><\/div><\/div><div class=\"elementor-repeater-item-7b31195 swiper-slide\" role=\"group\" aria-roledescription=\"slide\"><div class=\"swiper-slide-bg\"><\/div><div class=\"swiper-slide-inner\" ><div class=\"swiper-slide-contents\"><div class=\"elementor-slide-heading\">10<\/div><div class=\"elementor-slide-description\">Zugf\u00fchrer<\/div><\/div><\/div><\/div><div class=\"elementor-repeater-item-b51ffa8 swiper-slide\" role=\"group\" aria-roledescription=\"slide\"><div class=\"swiper-slide-bg\"><\/div><div class=\"swiper-slide-inner\" ><div class=\"swiper-slide-contents\"><div class=\"elementor-slide-heading\">13<\/div><div class=\"elementor-slide-description\">Gruppenf\u00fchrer<\/div><\/div><\/div><\/div><div class=\"elementor-repeater-item-6d9a07f swiper-slide\" role=\"group\" aria-roledescription=\"slide\"><div class=\"swiper-slide-bg\"><\/div><div class=\"swiper-slide-inner\" ><div class=\"swiper-slide-contents\"><div class=\"elementor-slide-heading\">54<\/div><div class=\"elementor-slide-description\">Maschinisten<\/div><\/div><\/div><\/div><div class=\"elementor-repeater-item-ee86f5d swiper-slide\" role=\"group\" aria-roledescription=\"slide\"><div class=\"swiper-slide-bg\"><\/div><div class=\"swiper-slide-inner\" ><div class=\"swiper-slide-contents\"><div class=\"elementor-slide-heading\">65<\/div><div class=\"elementor-slide-description\">Atemschutzger\u00e4tetr\u00e4ger<\/div><\/div><\/div><\/div><div class=\"elementor-repeater-item-5c416fb swiper-slide\" role=\"group\" aria-roledescription=\"slide\"><div class=\"swiper-slide-bg\"><\/div><div class=\"swiper-slide-inner\" ><div class=\"swiper-slide-contents\"><div class=\"elementor-slide-heading\">90<\/div><div class=\"elementor-slide-description\">Sprechfunker<\/div><\/div><\/div><\/div>\t\t\t\t<\/div>\n\t\t\t\t\t\t\t\t\t\t\t\t\t\t\t<div class=\"elementor-swiper-button elementor-swiper-button-prev\" role=\"button\" tabindex=\"0\" aria-label=\"Vorheriger Slide\">\n\t\t\t\t\t\t\t<i aria-hidden=\"true\" class=\"eicon-chevron-left\"><\/i>\t\t\t\t\t\t<\/div>\n\t\t\t\t\t\t<div class=\"elementor-swiper-button elementor-swiper-button-next\" role=\"button\" tabindex=\"0\" aria-label=\"N\u00e4chster Slide\">\n\t\t\t\t\t\t\t<i aria-hidden=\"true\" class=\"eicon-chevron-right\"><\/i>\t\t\t\t\t\t<\/div>\n\t\t\t\t\t\t\t\t\t\t\t\t\t\t\t\t<div class=\"swiper-pagination\"><\/div>\n\t\t\t\t\t\t\t\t\t\t\t\t<\/div>\n\t\t\t\t<\/div>\n\t\t\t\t\t\t\t\t<\/div>\n\t\t\t\t<\/div>\n\t\t\t\t\t<\/div>\n\t\t<\/div>\n\t\t\t\t<div class=\"elementor-column elementor-col-50 elementor-top-column elementor-element elementor-element-3367823\" data-id=\"3367823\" data-element_type=\"column\" data-e-type=\"column\">\n\t\t\t<div class=\"elementor-widget-wrap elementor-element-populated\">\n\t\t\t\t\t\t<div class=\"elementor-element elementor-element-d183eed elementor-absolute elementor-widget elementor-widget-image\" data-id=\"d183eed\" data-element_type=\"widget\" data-e-type=\"widget\" data-settings=\"{&quot;_position&quot;:&quot;absolute&quot;}\" data-widget_type=\"image.default\">\n\t\t\t\t<div class=\"elementor-widget-container\">\n\t\t\t\t\t\t\t\t\t\t\t\t\t\t\t<img decoding=\"async\" width=\"1024\" height=\"667\" src=\"https:\/\/wordpress.feuerwehr-waldstetten.de\/wordpress\/wp-content\/uploads\/2023\/01\/Unbenannt-e1673874065650-1024x667.jpg\" class=\"attachment-large size-large wp-image-590\" alt=\"\" srcset=\"https:\/\/wordpress.feuerwehr-waldstetten.de\/wordpress\/wp-content\/uploads\/2023\/01\/Unbenannt-e1673874065650-1024x667.jpg 1024w, https:\/\/wordpress.feuerwehr-waldstetten.de\/wordpress\/wp-content\/uploads\/2023\/01\/Unbenannt-e1673874065650-300x196.jpg 300w, https:\/\/wordpress.feuerwehr-waldstetten.de\/wordpress\/wp-content\/uploads\/2023\/01\/Unbenannt-e1673874065650-768x501.jpg 768w, https:\/\/wordpress.feuerwehr-waldstetten.de\/wordpress\/wp-content\/uploads\/2023\/01\/Unbenannt-e1673874065650.jpg 1166w\" sizes=\"(max-width: 1024px) 100vw, 1024px\" \/>\t\t\t\t\t\t\t\t\t\t\t\t\t\t\t<\/div>\n\t\t\t\t<\/div>\n\t\t\t\t\t<\/div>\n\t\t<\/div>\n\t\t\t\t\t<\/div>\n\t\t<\/section>\n\t\t\t\t<\/div>\n\t\t","protected":false},"excerpt":{"rendered":"<p>24 Stunden am Tag \/ 7 Tage in der Woche \/ 365 Tage im Jahr 2Einsatzabteilungen1Spielmanns- und FanfarenzugErfahre mehr2Jugendgruppen2Altersabteilungen Previous slide Next slide 1MZF (Mehrzweckfahrzeug)Erfahre mehr2MTW (Mannschaftstransportwagen)Erfahre mehr4LF (L\u00f6schgruppenfahrzeug)Erfahre mehr1GW-T (Ger\u00e4tewagen Transport)Erfahre mehr1Mehrzweckanh\u00e4nger12Themenw\u00e4gen Previous slide Next slide 2Verbandsf\u00fchrer10Zugf\u00fchrer13Gruppenf\u00fchrer54Maschinisten65Atemschutzger\u00e4tetr\u00e4ger90Sprechfunker Previous slide Next slide<\/p>\n","protected":false},"author":1,"featured_media":0,"parent":0,"menu_order":0,"comment_status":"closed","ping_status":"closed","template":"page-templates\/template-pagebuilder-full-width.php","meta":{"neve_meta_sidebar":"","neve_meta_container":"","neve_meta_enable_content_width":"","neve_meta_content_width":0,"neve_meta_title_alignment":"","neve_meta_author_avatar":"","neve_post_elements_order":"","neve_meta_disable_header":"","neve_meta_disable_footer":"","neve_meta_disable_title":"","neve_meta_reading_time":"","footnotes":""},"class_list":["post-9","page","type-page","status-publish","hentry"],"_links":{"self":[{"href":"https:\/\/wordpress.feuerwehr-waldstetten.de\/wordpress\/wp-json\/wp\/v2\/pages\/9","targetHints":{"allow":["GET"]}}],"collection":[{"href":"https:\/\/wordpress.feuerwehr-waldstetten.de\/wordpress\/wp-json\/wp\/v2\/pages"}],"about":[{"href":"https:\/\/wordpress.feuerwehr-waldstetten.de\/wordpress\/wp-json\/wp\/v2\/types\/page"}],"author":[{"embeddable":true,"href":"https:\/\/wordpress.feuerwehr-waldstetten.de\/wordpress\/wp-json\/wp\/v2\/users\/1"}],"replies":[{"embeddable":true,"href":"https:\/\/wordpress.feuerwehr-waldstetten.de\/wordpress\/wp-json\/wp\/v2\/comments?post=9"}],"version-history":[{"count":50,"href":"https:\/\/wordpress.feuerwehr-waldstetten.de\/wordpress\/wp-json\/wp\/v2\/pages\/9\/revisions"}],"predecessor-version":[{"id":1437,"href":"https:\/\/wordpress.feuerwehr-waldstetten.de\/wordpress\/wp-json\/wp\/v2\/pages\/9\/revisions\/1437"}],"wp:attachment":[{"href":"https:\/\/wordpress.feuerwehr-waldstetten.de\/wordpress\/wp-json\/wp\/v2\/media?parent=9"}],"curies":[{"name":"wp","href":"https:\/\/api.w.org\/{rel}","templated":true}]}}